{"id":9748,"date":"2016-01-30T14:28:53","date_gmt":"2016-01-30T14:28:53","guid":{"rendered":"http:\/\/www.pehko.net\/blog\/?page_id=9748"},"modified":"2016-01-30T14:28:53","modified_gmt":"2016-01-30T14:28:53","slug":"soolon-jalkelaiset","status":"publish","type":"page","link":"http:\/\/pehko.net\/blog\/soolo\/soolon-jalkelaiset\/","title":{"rendered":"Soolon j\u00e4lkel\u00e4iset"},"content":{"rendered":"<p><center><img decoding=\"async\" src=\"https:\/\/lh3.googleusercontent.com\/XP5RhzMWNjxZ1XMWD4zM9Gs_XsWmJop8Ha5z3KOyAV-e3HVCJFMDn0nTTvwUxgNad62TwKD422fuxXo1SMU2vIspcH41FjK297cAPps8g4n-Wddj_gZOrfyS6fm7TIsSyHTZJgjCSCTshnppJ0-04G5kOjyUdcQLt55H9CRJ9UvAeqj0fjLk3n7YgFHFFELaYx20vvvVeBtAoZErHQb82PG6rJP6FgyiztR527rBd8hNjuP7eAdbitRUI-LUyO8TH_TbbAewSBJ4cysFM4h-rx5GgeZdE_fHkRoO6h_hfTpUzAGEpsWH3dCUyg3SHa9bcQS1pe465s5anVbgmBNS-RHf405JriLjsL3YEUAhQXMyphU96-Trv_AzifGXK-XiLZKwx3Dfo1vyEdalBlNlHnFOSXymbFD0VA1ptcQYuRBcIcNsUET__PCfZM-Z8aH_eEFGvxO7bzZtlefzZT5yDe10ySu3z2qGQ1P4-Qxx6GKHz1mp01GFXS2S1ivrqNsS-bnjylAt7tgHGvqPr5RUooTGX-o8sl6nAO6uAT8F0XrTvYZcSLjUAf13J1jrr6pva2sq=w908-h610-no\" \/ \/> <\/center><\/p>\n<p>T\u00e4h\u00e4n sivulle tulee tietoa Soolon j\u00e4lkel\u00e4isist\u00e4.<br \/>\nEnsimm\u00e4inen pentue syntyi <a href=\"http:\/\/www.goldentrolls.fi\/\">Goldentroll&#8217;s<\/a> -kenneliin 23.08.2015. Mielenkiinnolla seuraamme, mink\u00e4laisia koiria n\u00e4ist\u00e4 pienist\u00e4 pirpanoista kasvaa. &lt;3<\/p>\n<p>Pentujen em\u00e4 on Goldentroll&#8217;s Fire Of The Sky, tutummin Mette.<br \/>\nLonkat A\/A, kyyn\u00e4r\u00e4t 0\/0, CEA-vapaa pentuna&#038;aikuisena, n\u00e4yttelyist\u00e4 VASERT ja harrastaa rallytokoa.<\/p>\n<h3>Goldentroll&#8217;s Play With Fire<\/h3>\n<p>&#8211; uros<br \/>\n&#8211; CEA-vapaa pentuna<\/p>\n<h3>Goldentroll&#8217;s Runs Like A Fire &#8221;Rex&#8221;<\/h3>\n<p><center><img decoding=\"async\" src=\"https:\/\/lh3.googleusercontent.com\/jbOZjgJ2_vSXacpoxxmaz6E1ni4tp7Is42odEKN_0cqrr_iV1zIl0oGpRMhvpL92vnuNDb38II6hJfCe-giTPd2r-BiGA3vKBrOh1JzAU9X7jWUik2Dr-362M63_QD-VsK2jKtweRPxXa0__iusGT24Nk6Xa1fHrqsNjI-AT3C5PwFdjAlbIKdPNUVOV0-_HjaIyhwJ0aRns4WHT2i-zOFVXlyGSKoXqK6_JEogx-3JV_Nv3Oh-REbRtyuZhA3j5wEnNJdoqQPkOLdJk-YxtBA4uiSYwpDRvTkpypp1An462NleuIZsTwL4NTy16xubJS_Cqhzf4_u83kQpU3XRm_nEBpGJ60p4bZHl741Xbs1uzWWlfn83DM2dpo-uhEUV4Px7IoVIlqrvbAeyQeNuzKRBRuShukWj3jQZmIa-4RG5BcaB_82i2thTx_KH1MMViivKMcZrLLvKUard6-rhZ4S64D5xzWKw8Z5wndcyb5EaTxI0-PfwMuv7TdKqIc3iWkl8ga0nIbkbdjV6-1SeogtAi2qX0zuDY2fgxl5uyAU-3rSTDhnprMMtgSSFrZUM-MHCOAU2wsRv9astdKMVcveBxKn8H7vUfxZtWiSAwJu4oBVt2=w1085-h721-no\"\/><\/center><br \/>\n&#8211; uros<br \/>\n&#8211; CEA-vapaa pentuna<br \/>\n&#8211; n\u00e4yttelyist\u00e4 EH JUK3<br \/>\n<em>&#8221;10 kuukautinen, lihaksikas p\u00e4\u00e4, hyv\u00e4 v\u00e4ri, korvat saisivat olla ylemp\u00e4n\u00e4, erinomainen tyyppi (rodunomainen) voimakkaat lihakset, hyv\u00e4 p\u00e4\u00e4, hyv\u00e4 yl\u00e4linja ja rintakeh\u00e4, hyv\u00e4 luusto ja jalat, kantaa h\u00e4nt\u00e4\u00e4 korkealla, eritt\u00e4in irtonainen etup\u00e4\u00e4 askel lyhyt&#8221;<\/em><\/p>\n<p><center><br \/>\n<img decoding=\"async\" src=\"https:\/\/lh3.googleusercontent.com\/Q8w5TXxmfiV10C8OL1LImlTAOavoR7-epXb3UDETnuGZ4KmuAaCg4JTcT7of-8fLmlm9nFT7OnSd-TGYYpDba0yNuxf4RAF4WBOpx_EzVvTBUVspPErEXJJMpdfHBsgRc8ji2xaTnvqe1eUfZdaFtjin-az68wjBTXp_Jvlukf1htolNbZGqZqZ13y-90whZJ4XiiUsA_CFj9cgA2K2YqkGZn3e4VdmE7AzYn-QCpWNItfaO3Hi6NsP2siJ-F6TD93Df2hkx5jw4NcZD6ZaDolgVdaeC_XKb3PITzeW-Me3R6SAtkm0XHhcszoH9fB2PRp5j-hS0K3WdAQQYJh2qVj9RhN8zqRwkSFTUyyyYW7AuwnMz7L4Ti7RdGSIthyuGjxrMr6lzZZ9Y5GrZYUwAMwHehBUo2Osirjo0WWqBbJVuhyShe9UpyM7CSioJq7bXMb_55nxQ8-hxRKp3pa4f0nHKcVzL3MSJEt5XUMYFzP_yi8zPvqHy3f8M80pdZZxwRu6v-jQfLsZaagS0sjudQetPN_zk-2ezUDg_szQV4d02zstltBT8l1wxXpWBVD4QdYLfQaIEsqYdEIaTO_i-jsnb_hgwgnMuV6qCIfXMBtOAKiiK=w960-h639-no\" style=\"height:280px;\"\/> <img decoding=\"async\" src=\"https:\/\/lh3.googleusercontent.com\/gGCym10tYc0E2OcP2u9WnzhgQhLdw5iSUlncB7mP3l_NFXfOS6HMwkXJ5wQFbEIQDMQ4HHttDfqitNGh_kKJho9BOZCSZMEC-lIraBgxR0BFplBiAGgSx3b5MXqmkqcfDN1m1gdJ-QC512JSV7s1rETXH94zICTId7OQTGjXHo6f7WxEpA1QurHrkCUPqRiu-FmY5lqokHQ7uiG6Cb516Kj7aD-c3Q85408T2o_Z_5cv_jzHfDOrVGyZMtFESTwDgDlhcK5B3qH4y9pMfC6IsgGP7_m_EtGpa3vg_WwJ8ghGUd4AZQd7G6q1QHJTc69DqAJkzjZ81FOw3xLD1xTwWqonx5au6rgnxOfM6_axBJFlraqtB0C7gna1YeQ9OUscuNrS4JGPWqjAFslLDPmQzhxNhk-2nCVaq5KS3mcnknRFho0TbW7j4cCcSPYJI0E8QKVHo0TfiUZ7tupPpjT4xiy0k1CdWbn2cdthSjkbMIpqeTqhrx4fu3hixWAaItEPE1FZtNnxc2pt_LpCmTPP5Y3MNWt_w0TdribzjNoAbe4J0euv_0MKJSc0r1bPFLvwBG89GsB66ztWkNzq6arkBbzEn-CdzwP5gSMIAIZSudANht-W=w217-h395-no\" style=\"height:280px;\"\/><\/p>\n<p><img decoding=\"async\" src=\"https:\/\/lh3.googleusercontent.com\/ZHA1tu9KDsxWjUjaUAb-L3sN5sHD5VR8zJvpOyQ9Qjeg5QbVexZotE-a_7r6BhOh9Its_Iwj-pCwRNFkrmAP-daFr_nA01OYcaJ8SDNHtUUL1fEk71TuS6EoH_x3OxlwxGivrxDQfJnZuuFLwUHR1B9FqqixvFPTWKbVQVyDBmsU_oLVy2baQycI7phV16gouWiALouSdwbSRh3knbtdID-4-pIWBD6JHX145dj75qT2eoGsVMn_-6P2EVZEPtGLSOdzme67C_z4k98Zd6T0QnB2qspZbOAeCDcrBmEYc30Qj1QheiXb1gCUNQslfxUkWLfoU-o1T9HIRAF4bV1j_zVrLgIiabgTQA7UtMeC-OlpR6WIceRM53zg5x-YxlLKGkfA30nFbcK5zliWsRWaIQs8q6ZQUjFzulcKRgbdHEGOS9bDITGe4swxDi-yceWDU-0J_ur6rwokVJB7yjSuYmFZmqdqPS1qm-SapQGQZhoWz5pHJkZmvCDqqh7r9kHI7mjkjWXnzSUdzp8ex8pqVDaCWOeUZhBA8vXMyhFfEtbjfSaT-dtPHJ9hC6McGG4B5iey3lvUMTIUBO9Yv2yuBVsONwFczumTyKXsYqQGtnZQEiLb=w1085-h721-no\" style=\"height:280px;\/><\/p>\n<p><img decoding=\"async\" src=\"https:\/\/lh3.googleusercontent.com\/rh1-nYiFxR8e8TzW_FkNQ__uZdf0iGM5F9EXJkwrYxeu5FIU7W32asv_rJ-KPHvvpJOdaf83IEZ904_PvQHBsBeWTNYKEvjbN5EhWFj5bGw3eQytQbiQfl6s6T1iFKwqu4ufWlGUuZZEwe6VDQTF6atYWpTPH_oJE6UOoPzeyhgmorkQlOYwVwupfWSvXbJ_vxYnDQ3e7E6BkHwcD0mxk6nREnYV3L9MR2rntdF93Gq3RW50BmYD3p8bjB7Y90ROzjLOeCncYzzlSBaiVilWdl268CTM3U-VV--PmoBV05_a77RMPthaI0ZqtybjQBBH6veju282UPcQUXdbPqggxVirxiIYktBniKNRrjbSN8LL1309GEbn1m6LkGrPr1iXb5UUBsQg1Sd-bT8m4qMYjG4Hg3B7vHqYaoNtAxkKbNLaobClJb4kdjz98Zi5iIM-GlP2CM2x9mZ_4CLlSlHcJJsWHvNmMKaGlcKd__MmwShM_guk6V9o4gbyEYl6lN6to4W-2fnZGBUS0_K5MmBIKwelPSirFSjZEcxEI7oABsPgxajiP_3Z5KdeMYidldHMO71yYeyWRJkUzPX9yz_5mQ9gcyxmzkxVMQ5zPnfAB-4vACYn=w1085-h721-no\" style=\"height:280px;\/><\/p>\n<p><\/center><\/p>\n<h3>Goldentroll&#8217;s Dancing With Fire <\/h3>\n<p>&#8211; narttu<br \/>\n&#8211; CRD pentuna<br \/>\n&#8211; n\u00e4yttelyist\u00e4 EH JUK2<\/p>\n<h3>Goldentroll&#8217;s Fire A Spell &#8221;Rosie&#8221;<\/h3>\n<p><img decoding=\"async\" src=\"https:\/\/lh3.googleusercontent.com\/gfaTBitEyCVkPb9jaGt0NGgzJru8zUwJMAzp8vNRRNAjNc5oepTOVoiTTP_pvTVgMtqCPWCDVvWjtldeEtZYdIO0WvLdnCSMqlYLNEMSd_Zlsdweb4LkjAMlUF0PcvB1ZiR-FOxDJF4VTfaE289aruqHwm4QztKeS4I1Kro-3JUUedUGbKV2MQFjg0xTY4mu4aJnGePaAi0-K2BlZ8yaElc7dGfz44kAvVhJtKYHMJ5xuz6I72KI-QFpBtZKTa-Ra6Looc5FHhQKCbCva_3gP5P3AYT0G5JKSUr0MxUxcpt85ijUZopNbqbzNlZlATP-8dZyspf_MAdI2ksWLL_JJKz8XasDulrWX-o15Wio5G7MZSS7GgfXFiYpIHoy4bPIcINTdXgzj3A13hxasLmLRvk7r1aJSXs6p7afxwAqaZZNnxXNVaNVqrfTUjFVnkTKwNPHjE2k4wkYScfnlGAT76_-NBDorG9XGVDoYhBKxG-AItpbPP7105pDQ7swgVq6r8RL1GjY6pxe1wTStqjVxgzGPnHVjHeGoZgTGp82zfvALs3C17G7WFetmcchM2jOasDgnTxetxU3Lsbg6E13dHLyfposMW92iKqHeYLA7Ky424oe=w1082-h721-no\"\/><br \/>\n&#8211; narttu<br \/>\n&#8211; CRD pentuna<br \/>\n&#8211; pentun\u00e4ytteyist\u00e4 VSP &#038; KP<\/p>\n<p> <img decoding=\"async\" src=\"https:\/\/lh3.googleusercontent.com\/_94xM-a8OPqi1OkjninpQ5eFNgia-n95S3XRjziO0V_zbQOw6lpvk-gG393Ga-4qFWcaY98-sMfxIAwXmHE_lkFZmtZ8PiHdEnsz5xbQSmz6LT0j4JdAs2kmhEjqscoXKU_5zF0RYf2B4Af3ihXRY46zkPb6DzZPb3g4ntWyCXt7XDB2dYLbi47m01gIyMRjFIJq6QfktRt6RQVWd-BfavpRkdErMGOf8wKhQBYj6Jt3brxc2ae-jsUWeowcKos1Rb7L9uL10WhVkdDmntjP4PQRwdqndaqB2e1r9FtZbM3GzJeORjbpUEKRAVRRUfXIkPcsymh9GW-bVqVA9errY07PGeVGFbYSuIxKyX4CNtzTFVKxBfLaOF9U6y7cqP01N9lDlFt0a12QzNZjZAk3nL5buERJ-W240nHh_qukmJ5IPeRAhLmS80_qQrYelW3S99wClXg2eQh3UhhjxrPJNMVRQq78GNeQ4dBSi-gteyvHqGWK901MnnSu6LOFRePu6Y24GOHOoUrwZOCLtSxE9os9_8d5mslCrm6snS9s016jn8koKf0StUDxAmEfgQjlLsLiyuW-BUCaQV7I3D-CjHpKoIz0c1NNP2vxvA1iKVWINCfx=w1082-h721-no\" \/><\/p>\n<h3>Goldentroll&#8217;s Kissed By Fire<\/h3>\n<p>&#8211; narttu<br \/>\n&#8211; CEA-vapaa pentuna<br \/>\n&#8211; n\u00e4yttelyist\u00e4 ERI JUK2 SA<\/p>\n<h3>PAIM-T Goldentroll&#8217;s Song Of Ice And Fire &#8221;Sansa&#8221;<\/h3>\n<p><center><img decoding=\"async\" src=\"https:\/\/lh3.googleusercontent.com\/dx4bX6-ps8-Wq8Y-ugW4BBLqkRR8Y9sDeJwHhdJzB8dMRgJWDZgHfbAGVd1dGEsVXrXVtq9kS1UQpuKYqpvUZ2rdiiuIpctiPG8MfmP1YXCFxkLi6rnPLJS-720Q9-JYDTMRC0rqtrZ9tI-J-PgEjhTpmhekCDCzQUk_Rt7N7O6dko4DvxUFew0csEo6kcgOJTl9hQD4O-v_c1SgnVgtIIwKjZY__nFNYRhscOgqzWsEts3kInRckc882QJ6YSR5tJ--G4v9_gqwMVL94MX6kWg48s1x1qjvMu2yHFoWsBXV4S7xBHHUfuLVRQCUvDV7pqvd3mjTVqR4X7FPJGHq9FsDNKv8Eu7p838i38Fqdntk0mgG9VLQfEkrTeQtvC5B4lm8YAI1z6h4L3I6012BPmgkGZxCVdR-Xvfu0yGDiaNvjoCixJ5yRHFX6jLJoTFuSnapKYEBziGN9O3brpR3ET5hqPmrClH33UtX5zJwz4QI6dOPQZdPBrKYej-njejsLX24ueYzo5aOhA57O2fvq7FyMqX8vZ1Ws7YuavV8m1K2oBhoP-qRu34wXDYjxLtUgXvTfJq1zilmofvO4el3AlOKqrn-PldmwOklugGGXKqKosYN=s480-no\"\/><br \/>\n<\/center><br \/>\n&#8211; narttu<br \/>\n&#8211; CEA-vapaa pentuna ja aikuisena<br \/>\n&#8211; lonkat B\/B, kyyn\u00e4r\u00e4t 0\/0, polvet 0\/0<br \/>\n&#8211; selk\u00e4 VA0, LTV1<br \/>\n&#8211; syd\u00e4n terve, ei sivu\u00e4\u00e4ni\u00e4<br \/>\n&#8211; paimennustaipumuskoe suoritetty hyv\u00e4ksytysti (SCY:n JA virallinen) !<br \/>\n&#8211; terapiakoira vanhusty\u00f6ss\u00e4 (Karva-Kaverit testi)<br \/>\n&#8211; pentun\u00e4yttelyist\u00e4 VSP-pentu &#038; KP<br \/>\n&#8211; n\u00e4yttelyist\u00e4 ERI JUK2<br \/>\n&#8211; DM-testattu: N\/DM (kantaja), MDR1-testattu: +\/- (kantaja)<br \/>\n&#8211; normaali terve vatsan toiminta, ei allergioita<br \/>\n&#8211; omistaja: <a href=\"http:\/\/www.riemumielen.fi\/\">Riemumielen kennel<\/a><\/p>\n<p>&#8221;<em>11 kk, oikeat mittasuhteet, kaunis p\u00e4\u00e4n kiila, hyv\u00e4 purenta, kauniit silm\u00e4t, hyv\u00e4asentoiset hieman kookkaat korvat, kaunis yl\u00e4linja &#038; kaulan kaari, kokoon sopiva raajaluusto, niukka eturinta, viel\u00e4 matala rintakeh\u00e4, hyvin kulmautunut takaa, niukemmin edest\u00e4, liikkuu hyv\u00e4ll\u00e4 sivuaskeleella, kovin l\u00f6ys\u00e4sti edest\u00e4, kaunis h\u00e4nt\u00e4, hyv\u00e4 karvapeite, hyvin kauniit \u00e4\u00e4riviivat seistess\u00e4, miellytt\u00e4v\u00e4 k\u00e4yt\u00f6s.<\/em>&#8221; \/ Nina Janger<\/p>\n<p><em>&#8221;8 months old puppy bitch, lovely character. Needs to settle down a bit to move correctly. The bite is good. Nice reach of neck. Good topline. On the move the front movement is failious (?), but the rear movement is ok. She was a little bouncy but she is just a baby&#8221;<\/em> \/ Bryan Hegarty<br \/>\n<center><\/p>\n<p><img decoding=\"async\" src=\"https:\/\/lh3.googleusercontent.com\/6k8p-KRVupwdUHRXo85OJRZgHatSNtR67bfRcuR2_A9BjatRkSZWOnS1CNiYfvIE4JhG-nkM8vUQfCE2CIozbRJpejDFViprFwy8JjWEB5B3s2HR5iluKIBMtFFh2IuIJr_yLYaSJo3b-lOjCcbvo9ggW--CKT9svZgBAqbLgHM3AiU5pj4GH7Ozrp3dl76GlVgdRmAj1-tUD17yuXKOCB3HdWS9jn0_Wu40Snfilg772tFrMK_Lo825dVvp-n_UmV3uT8YgeecrPM6yyik6pHVR53f4utmZ3w62kFw2AhcOZwEOTwTRNE43NsCTccW5fo_NN1EzLvENEC1mH5Xw2Pg9PkpU6mp8kpQRUIYn-ghT3Nj5JNDZHCN1374KcV2TZ7sefoSqKAXBSnOyEdqpOhHesoYoTjqNee0jXn81-1GhEAmgTGk_Mo7KHHa_tjQpqMyKTB2P72Htb5gGMYmiOx3Fu9z5BxVfjngNm5_ZDk28UMm03K0-6Z6Nt545tHjg_wHv3hftOK2ZC4HHXwy_wttFHzwv4RcY7JD1EYJ9Pn1aJXzHMfeHTYtlGpGm9pb7JPEN-UvFq67yblzOOQORmKLcbWQX1L-cV3TiRsODnUV5eTso=w541-h721-no\" style=\"height:280px;\/> <img decoding=\"async\" src=\"https:\/\/lh3.googleusercontent.com\/rOPjy2-1Uj5uXW6LfJ8n2N8jtbnzW3iZXxxNSvVjFCHtdaoL2CgFsgBFi3ND79wfJ67m60sPbTPv9ZIRuylNzSkZTSHHBTcSNSYw4HkcwM9CdruZM7418tLwFjYKRAx67wpDlxjE1LuqUald8DbdImiD5jHnGeUUpUMc1QJ8zW-vLGGwwmOm2JGLI8Wcopg5V-IKQNk--JoTT2R0X4rxgjtgfAiXkwl3JiE6z3dmpTVsl3N5faPaNSzDTuI0RqefJXEhMNE8Xnx7XsX9yNKE-2JhBt1B4RbayQNgueege0cENn42cVz_DAUMViOFMZMFpGq4PfoQ-D_GvGRiPPsKKwMYcwEhAjI233rCJ-6TPN30pG_nNXwkPARfHDcuUgNvInzcGXAKc56fF5syWK7EMJpswv26TaaOXH0EW8BBYa250YFAJ7ixIT_eSg3HQ-IKiH5h6CO1AtCzokXt5bnWR2K7uY3jNUb8pn4IFfqtsItefC91AsBLcEOMhYpIZ2dtd6luR7c2kTCrRTrJO3XjC19e1L8xrE_Ft6yZgHU_ByakWaUr7v3Emfd_rqWGlxAP9q9IEfXS3LHxpiZMFXElVK_HidX6tUYFhe6bdmlHMlTp2Qy-=\" style=\"height:280px;\/><br \/>\n<img decoding=\"async\" src=\"https:\/\/lh3.googleusercontent.com\/DEJaL5UvSJKi7YZ6AWPfbV9jzfzbHVnu2TsKffRa9ehIp2yQ-1jMo5kNLiRutEXyXl7C1y5QXBPryTe9qnrc9J0riB6uTt3SLzNClQZuf3v_vmHygnuJB9OOIyXD-cOHwiTUBZyoSnNH8f9FyqbeEm8T0jo5TbbOIg5mCcIGDX4htswIQ5pMLBbbQHdJJHoCd-4jze7pfCjQbhuKhPtOkoAwT_uFUj5wbkmtzpWx4pFhEdrecBo6CH-7Smc6kbI8nBSM7AtMvqkc_sn_Qhhkt4ex3SLSzeAvne_n5lkBFHUQ8XrXQJgcNjJwJ3WJvleImROE63gEuotxBy03P3kmNrOXcqNtD69Ujhf8YHvq_szNpXa3Rfuf6KUYlptsRj0YoJS4WRtlsBHkdhuuNkrf3jtLj_LnTzI1bgetlFFb0trvUac1V_qrhjPyZ4AAWRAnC873bgDVtgrrhrfH3tXtUevbz4sF9YgQfOczdIAQNNfLzC49tULv_FMRT7ITtkcQ_qlUfssbiJ3Mb1_F5GLmjSJMHtpK8ykuVX_3RWD2ZF3c4Map1GffYKs3n_3gQxx7sCHBuEjGb0ZO5xygmZfzkpCdE6snKaMt1tiqBtekI2BejrJS=w309-h206-no\" style=\"height:280px;\/><br \/>\n<\/center><\/p>\n<p><center>Islan kuvia:<\/p>\n<p><img decoding=\"async\" src=\"https:\/\/lh3.googleusercontent.com\/JITVsBhqR_Ato7jb4aSKMEzxxFm1sS82MQQzmHdH4bxAPxemc3aBf5Hkp-DwocImq0BWFPdRz2LLykz2o10oDaAI80X_fw5IETCYZTJamM_vBg1tAK4JuO93XZgmFX7SDm1yMj8Js8ef_opTS9eO1gG1GL1f21wNbE-lo8MOUZBPY20RWgEJAD793wuwdkkaCClFSWWCPMvNYVbaJdWImdI23z-jx1IMeSUoz8qUnIy3zdxuEr-gPYd67m8fS779KkPAlyfItWFvE4MUXYeLBdPebz9TxHX6zAs5_9TD3_wt6x-B0PcMSD-DYR5E7TxCBMvBosG61W8oGV4up8p8kuHd_-gACT0iv_rE02tIox8B_e7soEJIsdAjahk--J3fmiwtHgUy7jg2hmjQ9oVPSKfkgkma9suOV5WCiU0tbI6043b3ugF8I8F4fDEyRu4UwVgEHsQn3ATCLd289izyZeeob0N5Cfc-UhHsslfj0uKxY3NVSaB31wYwWMSBYSSbkQrGXe9d5SCj-a3oBZOt1a9jOnFGx_SXL3t5pwBvLlDuy45WqglQSaR2cXVlzgGG27gbfIxIRZUMY9nYHQfxLQRwpdi1-BzkUZCkSQ1QH7Yw36kV=w541-h721-no\" style=\"height:280px;\/> <\/p>\n<p><img decoding=\"async\" src=\"https:\/\/lh3.googleusercontent.com\/knj2FKHxC7iEj_8vy-jeNWTNwB1VzqyJoHSiP10KZaaakxSbjI1EkxdzLysEONQP-XMa4d9-jBjBXEl6NMvSExCuIHs2I6Eeuc0z4GQXfkUeGqnRfWkv1zf6ATnsqmwykAqmRmrhGl6U0ewVzQG53mRIZL15E7jsiKgfvY4IYJhRLeUSZBJbNKyURS3gZRwWiF9vpdAd7QGmIxOTocwVzEWsAbu1jZ_XGPG2trTAH3wvqaN7_4t5EJqZWDhdoZyKw0BABPztnspvW7BfBdMxssqMC0-LYHqqRkGj3M-pxFPen_oy5arVv3LmefYxfs36yQ5i7yO7BhAYaLU29WHHWrJs6OWvddNtHjVRVs39mBl17NLmkXiFQiwYn-yudH2rPZ_9HsXtLNH-9vFgvcNvPYeET-0lr4Jjs3rUXzQ3nCvg0UM5ls665RHH7CgBucOB49t0QsWkmLZqLgCV-jStcpAu6Q5B5iBQWPN-GTtVYvhVdJd806mIZCFhqU_xFDdFbbCM0G63ZRLXGpPt_2DNIg3EMwdb6DgmHoOBRxiVd1fYE7VMED6EzSeJUd06tAIcmdUw5A0pKHS3EQNOyguEFevRORtiT7o7wTxOya5f8hFWGI7b=w960-h720-no\" style=\"height:280px;\/><br \/>\n <img decoding=\"async\" src=\"https:\/\/lh3.googleusercontent.com\/pz1_gwC7amCvWzYqRYryvARyyB9RxNeTblSASEDfH2qjEnrG_J9cXIfr4A25sHPNuYUa2UfMNBGcn8IAAbxuc374wxH6kzKCUIHGKwRd2qbLb0rxXMT27ryR7cxbDJJT2qPY1N1txEFqngzbyCkmxayKSBbXfHJdzY3dITT18HbwMV2w1glkpomLVquk2wSdCJY_b-nw7AJMEX5FB6KCqtOruT1bGgGoyJGIBaJ-lcyMZmV8C9xFQw482JF26K3X6KhevOsXvWHJQZvUYR98rCY2nhC8z2vYKrbX2CxJbFhhCcoHa5-Vp-po2jsJ9dz6yVJYl85eU5FqIkekszBmJSubkb6BYIXkA9PMsYzexgy1uRLnuDolqU-OYL6xMwWcI3GNm0HCOtxA9DhNPNmKmhoqujbpEGbwBJSn2zQF_oRP6a_HlE5dZyvGVRsvjkHJyGMYbUCf5n0aoU_GLMwtWkp-oCfo_GxKg-N6ixgIAxR9lHnY96TUwn66lMWJXzz8UBHS6mtO_omj9UsrITZQOn0Vvwu056B_X3oyAL56W1RhUHMY2X9fe2sLAWE3Uj8lnWsbfe5tLz3riSSib-mg_HFl0DPORzmvZsHz-QpRCzTpvIv1=w406-h721-no\" style=\"height:280px;\/><\/p>\n<p><\/p>\n<p><b>Sara:<\/b><br \/>\n<img decoding=\"async\" src=\"https:\/\/lh3.googleusercontent.com\/hrLek0fSB05AcCd3XfAOjBeRlxEC9-yDaxq5C3WrqGFJgbIkrKuYg64dPSR2r6tkYG_Wc0I2CjgGhqLe9fmvlKytTKzFHAvCcPWglvkleI9JdM5txfsatppfYGRq58hRcJaDD0fcWocOzpDvYx3jNaBli1ynQCkE4SANU-ZHHSn5c6_hlU2li115ejt_WuDY_YwaXtGEu1-fwAIbACE47SzuZqUysHn7iiwiZITxzB7c3tcAa5gSUQv3yuzJNPewKgnMXUEEZirQF8BnEkE6qlZbf6kPIzj6GxTAaJpgHlQwJUIvogHF-JlDYXmJMEaqD5iU9JWZBrIIOJOBywGFVZFqIbs8l9FbNVnlJvTh-pHE6Grpo3ptmwn46_uVcujIkdrB1Gg0tBZiDml_3eJvWumeDPzKF6qqXBRcneD8MJkqRbiS8NPzpvNyGXv7YP3cOKHh4Mkcox8TOUnWawTyyvGdLc9PzHOanNfNOwf1Y-JTPtJESdKMelEfZMLOs5UAy5lxsp-Abdz2R5-8ylBLr4i8nFb7xJJUOIdU6TncI07m1xft8VK8SzJZFWJqFaKL7Bm2I_3jFJfxCi7KmRNtLVSK6OXkn_8nn2PhqAOYfSOIy59o=w270-h480-no\" style=\"height:280px;\/><\/p>\n<p><\/center><center>\u00a8<br \/>\n<img decoding=\"async\" src=\"<img decoding=\"async\" src=\"https:\/\/lh3.googleusercontent.com\/jaY_vCHyxkQI1mgimFsS8ADI5NO1f1R0bq3KZ7Xkk6sWPYqptQN7l3WbQqKQdx0IvtXbp11q2f8MFiIBTZ4SMu0ncu2xFZelahTiCvNflQFdxggjKXJy279zloYxHTbYr0NS3k2if5f5r_SVQOKrB9PCMVuWDZbTuCqLjdMJijlcKGvRe2thkN1qzN29_OSh3sjA5h_MmQHClvmfo6Rv97J-A-I8RW9uBCLzrjZd2sb1Smf2WmzRrY7_ZLO2j9smY2ZfddPMSRVvg3NSdyX2BtkbmCw6W0cBlFzsZw8UetWqtnTIjgM7L7io_JD25rmSkHOn2gr6ht4PefBQCE4LKOkAtDS0BsxiXlNVTWCGd-_DPeLKdmtdz6t5aWaLfPKk3uXKHBlneJU1Nf5qFQlwDy-WoRO96PZ89GTmsLziT2HP2Py66RDQdz-GUx_lt5uPzS6xcXzlYeWHAn_xfyIWILtQK7xQL7FAf2-wbh3dxsYXIbRwUoXkdTVRkkSHjmF7NhQhlZGX1k8cfbdhlIjqF-oXw6Amz1JmDct4t1qReOljj2RhMug9kQP2sqDaFaGWYouRozUP4rKqXeqQb6lDNB4OMnxMVpzDGaHzinkYvF6jBPrp=w960-h720-no\" \/><br \/>\n<img decoding=\"async\" src=\"https:\/\/lh3.googleusercontent.com\/V2475yg3HA8rIMbsVypC1GEl4e98-HWVUf3Oq2pQK5sOIMw2nLJ98LvkeERk2drRSx77L5Qflp5W-YNB6lNAndua7o85p0WDg_glLo4QeJ9gZ2Vo4LYHI5J2M6rBfHKKw3bWMFiUY3L2XIImqFwx0FwQqRJEaw5rtCMHhlovaQTBdqKMx0MenQfEWXz5zC0prP3ia93MQlquiKJxxSy2T5zjSU4pDul8WzjPznNcWsoUMg9qFJaq9WdblPONC0CBu3JMnRKlEqhdmKbSVb81nmRdZwB5uDcysV3K1grcGLRgUPUyobxU8nNG362l8dd6odm6kfceiVjcJ8aYNzwJ3EjTF2FEXEM276VK4WohA4hELyj7RNLzmdEK6cSkZ5fC6di6hUK24zaGIwirhpDk-71rmPsaU_HBShICjnVDClZsFCPY96QNGPEMuJcc_8G2oZYdlPfRL7yjFoSSAJieBO2HKXloEiKeoWMQJs1SjI9hYft2_DmzqR0F6301Mds_MKBeVXmVIBa_Ng413m447PHlT7dAfpLkM9Xo_qrU4xq6FJvWgowX2BSTU03cnW9mpESq=w858-h577-no\"\/><br \/>\n<img decoding=\"async\" src=\"https:\/\/lh3.googleusercontent.com\/hty-7Dw3DODGWTorC58eP-pznfhu8vRyavxvfPSo9XoTXQNBIYwge6HPg61DWlCdeda0T3j_oq_-3rzcu8MS7qWhZzHMxW0qWCuBBdq0jES-97P5o9bGjilNwGAdY4r_be6fUdvtR_KLs2EPP5a3KAxjlHEY-U0D3Rgt_PXSUIzROClfH6k3RnbNVJSeCAQC4A4Z43Z954ItICWwZDxNUc2g9d4Z01i0CK8JyiPwR3hAabXY6zIqAOziJzmCFAGVJZzxMPl6ju1KeU30iLg6IOd6QUSuqemyMXKFXbzxzUX3v63SGo2tgzIjdGPbZYJtghog_jAvcrknZypIxhOT1Ec0TmKS9nu-b0tM_StEEaQdJY0LnrHVzzX0K4HWw9iVPqhqrUEyzF5vBy9cGFleaOamsnI6XhU25M7TpXOkX2N7eB2Okb9vQGVISGXRepaIQzZotf85p3_26AQuej2buTgHQgLFbyOr76cs9s_0TrFr4A2eBLTRqzOuZ8IHwVMQq_SNJOEk6ZalGrO80vWx_Gq387ueRA9WZYDVNPMbTn-5-S0km_6DRMQ2WeesqZNDD7vT=w908-h610-no\"\/><\/center><\/p>\n<p>Pentujen kuvat: Kirsi Lepp\u00e4lammi.<\/p>\n","protected":false},"excerpt":{"rendered":"<p>T\u00e4h\u00e4n sivulle tulee tietoa Soolon j\u00e4lkel\u00e4isist\u00e4. Ensimm\u00e4inen pentue syntyi Goldentroll&#8217;s -kenneliin 23.08.2015. Mielenkiinnolla seuraamme, mink\u00e4laisia koiria n\u00e4ist\u00e4 pienist\u00e4 pirpanoista kasvaa. &lt;3 Pentujen em\u00e4 on Goldentroll&#8217;s Fire Of The Sky, tutummin Mette. Lonkat A\/A, kyyn\u00e4r\u00e4t 0\/0, CEA-vapaa pentuna&#038;aikuisena, n\u00e4yttelyist\u00e4 VASERT ja harrastaa rallytokoa. Goldentroll&#8217;s Play With Fire &#8211; uros &#8211; CEA-vapaa pentuna Goldentroll&#8217;s Runs Like A [&hellip;]<\/p>\n","protected":false},"author":1,"featured_media":0,"parent":6077,"menu_order":0,"comment_status":"closed","ping_status":"closed","template":"","meta":{"footnotes":""},"class_list":["post-9748","page","type-page","status-publish","hentry"],"_links":{"self":[{"href":"http:\/\/pehko.net\/blog\/wp-json\/wp\/v2\/pages\/9748","targetHints":{"allow":["GET"]}}],"collection":[{"href":"http:\/\/pehko.net\/blog\/wp-json\/wp\/v2\/pages"}],"about":[{"href":"http:\/\/pehko.net\/blog\/wp-json\/wp\/v2\/types\/page"}],"author":[{"embeddable":true,"href":"http:\/\/pehko.net\/blog\/wp-json\/wp\/v2\/users\/1"}],"replies":[{"embeddable":true,"href":"http:\/\/pehko.net\/blog\/wp-json\/wp\/v2\/comments?post=9748"}],"version-history":[{"count":0,"href":"http:\/\/pehko.net\/blog\/wp-json\/wp\/v2\/pages\/9748\/revisions"}],"up":[{"embeddable":true,"href":"http:\/\/pehko.net\/blog\/wp-json\/wp\/v2\/pages\/6077"}],"wp:attachment":[{"href":"http:\/\/pehko.net\/blog\/wp-json\/wp\/v2\/media?parent=9748"}],"curies":[{"name":"wp","href":"https:\/\/api.w.org\/{rel}","templated":true}]}}